{"id":61,"date":"2022-08-07T06:41:23","date_gmt":"2022-08-07T06:41:23","guid":{"rendered":"http:\/\/localhost\/wp-tc\/?page_id=61"},"modified":"2025-05-28T15:46:17","modified_gmt":"2025-05-28T15:46:17","slug":"home","status":"publish","type":"page","link":"https:\/\/turismocostanera.cl\/en\/","title":{"rendered":"Home"},"content":{"rendered":"<div class=\"wp-block-contact-form-7-contact-form-selector\"><div role=\"form\" class=\"wpcf7\" id=\"wpcf7-f215-o1\" lang=\"es-ES\" dir=\"ltr\">\n<div class=\"screen-reader-response\"><p role=\"status\" aria-live=\"polite\" aria-atomic=\"true\"><\/p> <ul><\/ul><\/div>\n<form action=\"\/en\/wp-json\/wp\/v2\/pages\/61#wpcf7-f215-o1\" method=\"post\" class=\"wpcf7-form init\" novalidate=\"novalidate\" data-status=\"init\" data-trp-original-action=\"\/en\/wp-json\/wp\/v2\/pages\/61#wpcf7-f215-o1\">\n<div style=\"display: none;\">\n<input type=\"hidden\" name=\"_wpcf7\" value=\"215\" \/>\n<input type=\"hidden\" name=\"_wpcf7_version\" value=\"5.6.4\" \/>\n<input type=\"hidden\" name=\"_wpcf7_locale\" value=\"es_ES\" \/>\n<input type=\"hidden\" name=\"_wpcf7_unit_tag\" value=\"wpcf7-f215-o1\" \/>\n<input type=\"hidden\" name=\"_wpcf7_container_post\" value=\"0\" \/>\n<input type=\"hidden\" name=\"_wpcf7_posted_data_hash\" value=\"\" \/>\n<\/div>\n<div id=\"form_destino\" class=\"row w-responsive mx-auto p-0\">\n<div class=\"col-lg-10 mb-3 mb-lg-0 p-0\">\n                <span class=\"wpcf7-form-control-wrap\" data-name=\"destino-form\"><input type=\"email\" name=\"destino-form\" value=\"\" size=\"40\" class=\"wpcf7-form-control wpcf7-text wpcf7-email wpcf7-validates-as-required wpcf7-validates-as-email input-travel\" id=\"destino-form\" aria-required=\"true\" aria-invalid=\"false\" placeholder=\"Type your email and we will contact you\" \/><\/span><\/p>\n<\/div>\n<div class=\"col-lg-2 m-0 p-0\">\n                <input type=\"submit\" value=\"send\" class=\"wpcf7-form-control has-spinner wpcf7-submit btn-travel\" id=\"btn-travel\" \/>\n            <\/div>\n<\/div>\n<div class=\"wpcf7-response-output\" aria-hidden=\"true\"><\/div><input type=\"hidden\" name=\"trp-form-language\" value=\"en\"\/><\/form><\/div><\/div>\n\n\n<p style=\"text-align: center;\"><strong><span style=\"color: #ffffff;\">HORARIO DE ATENCI\u00d3N:<\/span><\/strong><br \/><strong><span style=\"color: #ffffff;\">Lunes y Mi\u00e9rcoles de 09:00 a 18:00, Viernes de 09:00 a 17:00, atenci\u00f3n presencial.<br \/>Martes y Jueves de 09:00 a 18:00, atenci\u00f3n remota (Oficina cerrada)<\/span><\/strong><\/p>","protected":false},"excerpt":{"rendered":"<p>HORARIO DE ATENCI\u00d3N:Lunes y Mi\u00e9rcoles de 09:00 a 18:00, Viernes de 09:00 a 17:00, atenci\u00f3n presencial.Martes y Jueves de 09:00 a 18:00, atenci\u00f3n remota (Oficina cerrada)<\/p>","protected":false},"author":1,"featured_media":0,"parent":0,"menu_order":0,"comment_status":"closed","ping_status":"closed","template":"home.php","meta":{"inline_featured_image":false,"footnotes":""},"acf":{"home_programa_titulo":"nuestra experiencia es confianza","home_programa_btn_texto":"descubre nuestros programas ","home_programa_btn_link":"https:\/\/turismocostanera.cl\/programas\/","footer_adress":"Augusto Legu\u00eda Sur 160 - Of.31, Santiago - Chile","footer_phone_one":"+56 22 365 8900","footer_phone_two":"+56 22 365 8948","footer_email":"turismocostanera@tcostanera.cl","social_facebook_link":"https:\/\/www.facebook.com\/profile.php?id=100063695461298","social_twitter_link":"https:\/\/twitter.com","social_instagram_link":"https:\/\/www.instagram.com\/tcostanera\/?hl=es-la","url_informacion_consumidor":"https:\/\/turismocostanera.cl\/informacion-importante-para-el-consumidor\/"},"_links":{"self":[{"href":"https:\/\/turismocostanera.cl\/en\/wp-json\/wp\/v2\/pages\/61"}],"collection":[{"href":"https:\/\/turismocostanera.cl\/en\/wp-json\/wp\/v2\/pages"}],"about":[{"href":"https:\/\/turismocostanera.cl\/en\/wp-json\/wp\/v2\/types\/page"}],"author":[{"embeddable":true,"href":"https:\/\/turismocostanera.cl\/en\/wp-json\/wp\/v2\/users\/1"}],"replies":[{"embeddable":true,"href":"https:\/\/turismocostanera.cl\/en\/wp-json\/wp\/v2\/comments?post=61"}],"version-history":[{"count":23,"href":"https:\/\/turismocostanera.cl\/en\/wp-json\/wp\/v2\/pages\/61\/revisions"}],"predecessor-version":[{"id":332,"href":"https:\/\/turismocostanera.cl\/en\/wp-json\/wp\/v2\/pages\/61\/revisions\/332"}],"wp:attachment":[{"href":"https:\/\/turismocostanera.cl\/en\/wp-json\/wp\/v2\/media?parent=61"}],"curies":[{"name":"wp","href":"https:\/\/api.w.org\/{rel}","templated":true}]}}